{"id":10062,"date":"2011-12-03T00:29:50","date_gmt":"2011-12-02T23:29:50","guid":{"rendered":"http:\/\/cogito-ergo-blog.de\/blog\/?page_id=10062"},"modified":"2019-05-02T05:18:24","modified_gmt":"2019-05-02T04:18:24","slug":"uber-mich","status":"publish","type":"page","link":"https:\/\/cogito-ergo-blog.de\/blog\/uber-mich\/","title":{"rendered":"\u00dcber mich"},"content":{"rendered":"<p>Dieses Blog wird geschrieben von<a href=\"http:\/\/cogito-ergo-blog.de\/blog\/wp-content\/uploads\/photo.jpg\"><img loading=\"lazy\" decoding=\"async\" class=\"alignright size-full wp-image-10064\" title=\"photo\" src=\"http:\/\/cogito-ergo-blog.de\/blog\/wp-content\/uploads\/photo.jpg\" alt=\"\" width=\"200\" height=\"200\" srcset=\"https:\/\/cogito-ergo-blog.de\/blog\/wp-content\/uploads\/photo.jpg 200w, https:\/\/cogito-ergo-blog.de\/blog\/wp-content\/uploads\/photo-150x150.jpg 150w\" sizes=\"(max-width: 200px) 100vw, 200px\" \/><\/a><\/p>\n<p>Stefan Rinke<br \/>\nZehntstr. 34<br \/>\n76275 Ettlingen<\/p>\n<p>mail: stefan (at) cogito-ergo-blog.de<\/p>\n<p>Mich gibts noch auf <a href=\"http:\/\/www.facebook.com\/sker65\">Facebook.<\/a><\/p>\n<p>Au\u00dferdem auch im Netz auf den Seiten: <a href=\"http:\/\/pinball-mods.de\/\" target=\"_blank\">http:\/\/pinball-mods.de\/<\/a>,\u00a0<a href=\"http:\/\/go-dmd.de\/\" target=\"_blank\">http:\/\/go-dmd.de\/<\/a>,\u00a0<a href=\"http:\/\/pin2dmd.com\/\">http:\/\/pin2dmd.com\/<\/a>\u00a0und neu <a href=\"https:\/\/tiltaudio.com\">https:\/\/tiltaudio.com<\/a>.<\/p>\n<p>Auf github findet ihr die Projekte von mir: <a href=\"https:\/\/github.com\/sker65\/\">https:\/\/github.com\/sker65\/<\/a><\/p>\n<p>Einen\u00a0Youtube <a href=\"https:\/\/www.youtube.com\/channel\/UC9vd4-qVT018eDess55du0Q\">Channel <\/a>f\u00fcr meine\u00a0Projekte gibt es auch.<\/p>\n<p>Und ich\u00a0hab noch eine &#8220;traditionelle&#8221; <a href=\"http:\/\/stefan-rinke.de\">HomePage<\/a> mit &#8211; zugegeben &#8211; sehr veralteten Inhalten.<\/p>\n<p>Verantwortlich im Sinne \u00a76 TDG:<\/p>\n<p>Stefan Rinke<br \/>\nZehntstra\u00dfe 34<\/p>\n<p>76275 Ettlingen<\/p>\n<p>Alle Inhalte auf dieser WebSite sind nach bestem Wissen zusammengestellt und dienen lediglich der privaten Verwendung. Eine Haftung f\u00fcr irgendwelche Folgen die sich aus der Unrichtigkeit der Angaben und Ausf\u00fchrungen ergeben kann nicht \u00fcbernommen werden.<\/p>\n<p>F\u00fcr Inhalte von verlinkten (externen) Seiten kann keine Haftung \u00fcbernommen werden.<\/p>\n<p>Die Inhalte des Blogs geben ausschlie\u00dflich meine pers\u00f6nliche Meinung wieder. Alle ver\u00f6ffentlichen Quelltexte sind, soweit nichts anderes angegeben, frei vom Copyright Dritter und unter der GPL-Lizenz verwendbar.<\/p>\n<p><strong>Credits<\/strong><\/p>\n<p>Mein Dank gilt:<br \/>\nBirte Schulz f\u00fcr die Hilfe bei den \u00dcbersetzungen der Artikel.<\/p>\n<p>Armin Schubert f\u00fcr die Inspiration zum Blognamen, das passende Shirt gibt&#8217;s da: <a href=\"https:\/\/www.spreadshirt.de\/affiliate\/1246955\/-C59\/product\/140768561\/view\/1\/sb\/1465506734_Tab_O_O_LS\">Spreadshirt<\/a><\/p>\n","protected":false},"excerpt":{"rendered":"<p>Dieses Blog wird geschrieben von Stefan Rinke Zehntstr. 34 76275 Ettlingen mail: stefan (at) cogito-ergo-blog.de Mich gibts noch auf Facebook. Au\u00dferdem auch im Netz auf den Seiten: http:\/\/pinball-mods.de\/,\u00a0http:\/\/go-dmd.de\/,\u00a0http:\/\/pin2dmd.com\/\u00a0und neu https:\/\/tiltaudio.com. Auf github findet ihr die Projekte von mir: https:\/\/github.com\/sker65\/ Einen\u00a0Youtube &hellip; <a href=\"https:\/\/cogito-ergo-blog.de\/blog\/uber-mich\/\">Weiterlesen <span class=\"meta-nav\">&rarr;<\/span><\/a><\/p>\n","protected":false},"author":1,"featured_media":0,"parent":0,"menu_order":0,"comment_status":"open","ping_status":"open","template":"","meta":{"footnotes":""},"_links":{"self":[{"href":"https:\/\/cogito-ergo-blog.de\/blog\/wp-json\/wp\/v2\/pages\/10062"}],"collection":[{"href":"https:\/\/cogito-ergo-blog.de\/blog\/wp-json\/wp\/v2\/pages"}],"about":[{"href":"https:\/\/cogito-ergo-blog.de\/blog\/wp-json\/wp\/v2\/types\/page"}],"author":[{"embeddable":true,"href":"https:\/\/cogito-ergo-blog.de\/blog\/wp-json\/wp\/v2\/users\/1"}],"replies":[{"embeddable":true,"href":"https:\/\/cogito-ergo-blog.de\/blog\/wp-json\/wp\/v2\/comments?post=10062"}],"version-history":[{"count":6,"href":"https:\/\/cogito-ergo-blog.de\/blog\/wp-json\/wp\/v2\/pages\/10062\/revisions"}],"predecessor-version":[{"id":10192,"href":"https:\/\/cogito-ergo-blog.de\/blog\/wp-json\/wp\/v2\/pages\/10062\/revisions\/10192"}],"wp:attachment":[{"href":"https:\/\/cogito-ergo-blog.de\/blog\/wp-json\/wp\/v2\/media?parent=10062"}],"curies":[{"name":"wp","href":"https:\/\/api.w.org\/{rel}","templated":true}]}}